{"id":303,"date":"2021-10-11T17:21:05","date_gmt":"2021-10-11T15:21:05","guid":{"rendered":"http:\/\/oaa.mwmcommunication.fr\/?post_type=product&#038;p=303"},"modified":"2021-11-04T15:51:00","modified_gmt":"2021-11-04T14:51:00","slug":"pro-17-r-334","status":"publish","type":"product","link":"https:\/\/oaa.mwmcommunication.fr\/index.php\/produit\/pro-17-r-334\/","title":{"rendered":"PRO 17 R : 3,34"},"content":{"rendered":"<p>Le PRO 17 R est un isolant certifi\u00e9 selon la norme EN 16012 qui donne droit au cr\u00e9dit d&#8217;imp\u00f4t.<\/p>\n<p>La r\u00e9sistance thermique de cet isolant est de 3.34\u00a0entre deux lames d&#8217;air de 32mm.<\/p>\n","protected":false},"excerpt":{"rendered":"<p>Le PRO 17 R est un isolant certifi\u00e9 selon la norme EN 16012 qui donne droit au cr\u00e9dit d&#8217;imp\u00f4t. La r\u00e9sistance thermique de cet isolant est de 3.34\u00a0entre deux lames d&#8217;air de 32mm.<\/p>\n","protected":false},"featured_media":304,"template":"","meta":[],"product_cat":[21],"product_tag":[],"class_list":["post-303","product","type-product","status-publish","has-post-thumbnail","hentry","product_cat-isolant-haute-performance"],"_links":{"self":[{"href":"https:\/\/oaa.mwmcommunication.fr\/index.php\/wp-json\/wp\/v2\/product\/303","targetHints":{"allow":["GET"]}}],"collection":[{"href":"https:\/\/oaa.mwmcommunication.fr\/index.php\/wp-json\/wp\/v2\/product"}],"about":[{"href":"https:\/\/oaa.mwmcommunication.fr\/index.php\/wp-json\/wp\/v2\/types\/product"}],"wp:featuredmedia":[{"embeddable":true,"href":"https:\/\/oaa.mwmcommunication.fr\/index.php\/wp-json\/wp\/v2\/media\/304"}],"wp:attachment":[{"href":"https:\/\/oaa.mwmcommunication.fr\/index.php\/wp-json\/wp\/v2\/media?parent=303"}],"wp:term":[{"taxonomy":"product_cat","embeddable":true,"href":"https:\/\/oaa.mwmcommunication.fr\/index.php\/wp-json\/wp\/v2\/product_cat?post=303"},{"taxonomy":"product_tag","embeddable":true,"href":"https:\/\/oaa.mwmcommunication.fr\/index.php\/wp-json\/wp\/v2\/product_tag?post=303"}],"curies":[{"name":"wp","href":"https:\/\/api.w.org\/{rel}","templated":true}]}}