{"id":294,"date":"2021-10-11T17:13:30","date_gmt":"2021-10-11T15:13:30","guid":{"rendered":"http:\/\/oaa.mwmcommunication.fr\/?post_type=product&#038;p=294"},"modified":"2021-11-04T15:49:38","modified_gmt":"2021-11-04T14:49:38","slug":"pro-hpv-tres-haute-performance","status":"publish","type":"product","link":"https:\/\/oaa.mwmcommunication.fr\/index.php\/produit\/pro-hpv-tres-haute-performance\/","title":{"rendered":"Pro HPV Tr\u00e8s haute Performance"},"content":{"rendered":"<p>Certainement l&#8217;isolant mince le plus performant de notre gamme de produit et du march\u00e9 de l&#8217;isolant mince avec une densit\u00e9 au m\u00b2 in\u00e9gal\u00e9. (Pr\u00e8s de 1,200KG\/m\u00b2)<\/p>\n<p>L&#8217;essayer c&#8217;est l&#8217;adopter !<\/p>\n<p>100% Etanche \u00e0 l&#8217;eau et Respirant avec sous toiture int\u00e9gr\u00e9e coll\u00e9e<\/p>\n<p>Nous consulter au 04 74 88 43 73 ou au 06 87 34 78 72 pour obtenir un devis<\/p>\n<p>Frais de port offert \u00e0 partir de 3 rouleaux command\u00e9s !<\/p>\n","protected":false},"excerpt":{"rendered":"<p>Certainement l&#8217;isolant mince le plus performant de notre gamme de produit et du march\u00e9 de l&#8217;isolant mince avec une densit\u00e9 au m\u00b2 in\u00e9gal\u00e9. (Pr\u00e8s de 1,200KG\/m\u00b2) L&#8217;essayer c&#8217;est l&#8217;adopter ! 100% Etanche \u00e0 l&#8217;eau et Respirant avec sous toiture int\u00e9gr\u00e9e coll\u00e9e Nous consulter au 04 74 88 43 73 ou au 06 87 34 78 [&hellip;]<\/p>\n","protected":false},"featured_media":295,"template":"","meta":[],"product_cat":[21],"product_tag":[],"class_list":["post-294","product","type-product","status-publish","has-post-thumbnail","hentry","product_cat-isolant-haute-performance"],"_links":{"self":[{"href":"https:\/\/oaa.mwmcommunication.fr\/index.php\/wp-json\/wp\/v2\/product\/294","targetHints":{"allow":["GET"]}}],"collection":[{"href":"https:\/\/oaa.mwmcommunication.fr\/index.php\/wp-json\/wp\/v2\/product"}],"about":[{"href":"https:\/\/oaa.mwmcommunication.fr\/index.php\/wp-json\/wp\/v2\/types\/product"}],"wp:featuredmedia":[{"embeddable":true,"href":"https:\/\/oaa.mwmcommunication.fr\/index.php\/wp-json\/wp\/v2\/media\/295"}],"wp:attachment":[{"href":"https:\/\/oaa.mwmcommunication.fr\/index.php\/wp-json\/wp\/v2\/media?parent=294"}],"wp:term":[{"taxonomy":"product_cat","embeddable":true,"href":"https:\/\/oaa.mwmcommunication.fr\/index.php\/wp-json\/wp\/v2\/product_cat?post=294"},{"taxonomy":"product_tag","embeddable":true,"href":"https:\/\/oaa.mwmcommunication.fr\/index.php\/wp-json\/wp\/v2\/product_tag?post=294"}],"curies":[{"name":"wp","href":"https:\/\/api.w.org\/{rel}","templated":true}]}}