{"id":290,"date":"2021-10-11T17:01:03","date_gmt":"2021-10-11T15:01:03","guid":{"rendered":"http:\/\/oaa.mwmcommunication.fr\/?post_type=product&#038;p=290"},"modified":"2021-11-04T15:51:31","modified_gmt":"2021-11-04T14:51:31","slug":"pro-hpv-indoor","status":"publish","type":"product","link":"https:\/\/oaa.mwmcommunication.fr\/index.php\/produit\/pro-hpv-indoor\/","title":{"rendered":"PRO HPV Indoor +"},"content":{"rendered":"<p>Isolez-vous comme un PRO par l&#8217;int\u00e9rieur sans lame d&#8217;air (cot\u00e9 finition Ouate) et sans d\u00e9tuiler.<\/p>\n<p>Se pose par l&#8217;int\u00e9rieur <strong>sans lame d&#8217;air cot\u00e9 ouate.<\/strong><\/p>\n","protected":false},"excerpt":{"rendered":"<p>Isolez-vous comme un PRO par l&#8217;int\u00e9rieur sans lame d&#8217;air (cot\u00e9 finition Ouate) et sans d\u00e9tuiler. Se pose par l&#8217;int\u00e9rieur sans lame d&#8217;air cot\u00e9 ouate.<\/p>\n","protected":false},"featured_media":291,"template":"","meta":[],"product_cat":[21],"product_tag":[],"class_list":["post-290","product","type-product","status-publish","has-post-thumbnail","hentry","product_cat-isolant-haute-performance"],"_links":{"self":[{"href":"https:\/\/oaa.mwmcommunication.fr\/index.php\/wp-json\/wp\/v2\/product\/290","targetHints":{"allow":["GET"]}}],"collection":[{"href":"https:\/\/oaa.mwmcommunication.fr\/index.php\/wp-json\/wp\/v2\/product"}],"about":[{"href":"https:\/\/oaa.mwmcommunication.fr\/index.php\/wp-json\/wp\/v2\/types\/product"}],"wp:featuredmedia":[{"embeddable":true,"href":"https:\/\/oaa.mwmcommunication.fr\/index.php\/wp-json\/wp\/v2\/media\/291"}],"wp:attachment":[{"href":"https:\/\/oaa.mwmcommunication.fr\/index.php\/wp-json\/wp\/v2\/media?parent=290"}],"wp:term":[{"taxonomy":"product_cat","embeddable":true,"href":"https:\/\/oaa.mwmcommunication.fr\/index.php\/wp-json\/wp\/v2\/product_cat?post=290"},{"taxonomy":"product_tag","embeddable":true,"href":"https:\/\/oaa.mwmcommunication.fr\/index.php\/wp-json\/wp\/v2\/product_tag?post=290"}],"curies":[{"name":"wp","href":"https:\/\/api.w.org\/{rel}","templated":true}]}}