{"id":282,"date":"2021-10-11T16:57:56","date_gmt":"2021-10-11T14:57:56","guid":{"rendered":"http:\/\/oaa.mwmcommunication.fr\/?post_type=product&#038;p=282"},"modified":"2021-11-04T15:50:42","modified_gmt":"2021-11-04T14:50:42","slug":"isolant-mince-pro-16-composants","status":"publish","type":"product","link":"https:\/\/oaa.mwmcommunication.fr\/index.php\/produit\/isolant-mince-pro-16-composants\/","title":{"rendered":"Isolant mince Pro 16 composants"},"content":{"rendered":"<p>Isolez votre maison gr\u00e2ce \u00e0 l&#8217;isolant mince Pro 16.<\/p>\n<p>100% \u00e9tanche \u00e0 l&#8217;eau et \u00e0 l&#8217;air !<\/p>\n","protected":false},"excerpt":{"rendered":"<p>Isolez votre maison gr\u00e2ce \u00e0 l&#8217;isolant mince Pro 16. 100% \u00e9tanche \u00e0 l&#8217;eau et \u00e0 l&#8217;air !<\/p>\n","protected":false},"featured_media":283,"template":"","meta":[],"product_cat":[21],"product_tag":[],"class_list":["post-282","product","type-product","status-publish","has-post-thumbnail","hentry","product_cat-isolant-haute-performance"],"_links":{"self":[{"href":"https:\/\/oaa.mwmcommunication.fr\/index.php\/wp-json\/wp\/v2\/product\/282","targetHints":{"allow":["GET"]}}],"collection":[{"href":"https:\/\/oaa.mwmcommunication.fr\/index.php\/wp-json\/wp\/v2\/product"}],"about":[{"href":"https:\/\/oaa.mwmcommunication.fr\/index.php\/wp-json\/wp\/v2\/types\/product"}],"wp:featuredmedia":[{"embeddable":true,"href":"https:\/\/oaa.mwmcommunication.fr\/index.php\/wp-json\/wp\/v2\/media\/283"}],"wp:attachment":[{"href":"https:\/\/oaa.mwmcommunication.fr\/index.php\/wp-json\/wp\/v2\/media?parent=282"}],"wp:term":[{"taxonomy":"product_cat","embeddable":true,"href":"https:\/\/oaa.mwmcommunication.fr\/index.php\/wp-json\/wp\/v2\/product_cat?post=282"},{"taxonomy":"product_tag","embeddable":true,"href":"https:\/\/oaa.mwmcommunication.fr\/index.php\/wp-json\/wp\/v2\/product_tag?post=282"}],"curies":[{"name":"wp","href":"https:\/\/api.w.org\/{rel}","templated":true}]}}